{"id":5920,"date":"2019-04-24T14:05:38","date_gmt":"2019-04-24T14:05:38","guid":{"rendered":"https:\/\/www.mncomunicacion.com\/blog"},"modified":"2019-07-17T19:57:33","modified_gmt":"2019-07-17T19:57:33","slug":"blog","status":"publish","type":"page","link":"https:\/\/www.mncomunicacion.com\/en\/blog","title":{"rendered":"BLOG"},"content":{"rendered":"<div class=\"wpb-content-wrapper\"><p>[vc_row full_width=&#8221;stretch_row_content_no_spaces&#8221; background_attachment=&#8221;fixed&#8221; overlay_background=&#8221;custom&#8221; overlay_opacity=&#8221;34&#8243; effect=&#8221;constellation&#8221; constellation_star_color=&#8221;rgba(255,255,255,0.5)&#8221; constellation_line_color=&#8221;rgba(255,255,255,0.5)&#8221; background_image=&#8221;57&#8243;][vc_column][tm_spacer size=&#8221;lg:234&#8243;][vc_row_inner][vc_column_inner width=&#8221;1\/6&#8243;][\/vc_column_inner][vc_column_inner width=&#8221;2\/3&#8243;][vc_column_text]<\/p>\n<h1 style=\"text-align: center;\"><span style=\"color: #ffffff;\">BLOG<\/span><\/h1>\n<p>[\/vc_column_text][vc_column_text]<\/p>\n<h6 style=\"text-align: center;\"><span style=\"color: #ffffff;\"> GET UPDATED WITH THE LATEST NEWS<\/span><\/h6>\n<p>[\/vc_column_text][\/vc_column_inner][vc_column_inner width=&#8221;1\/6&#8243;][\/vc_column_inner][\/vc_row_inner][tm_spacer size=&#8221;lg:234&#8243;][\/vc_column][\/vc_row][vc_row full_width=&#8221;stretch_row_content_no_spaces&#8221; content_placement=&#8221;middle&#8221;][vc_column css_animation=&#8221;none&#8221; width=&#8221;1\/12&#8243;][\/vc_column][vc_column css_animation=&#8221;fadeInLeft&#8221; width=&#8221;10\/12&#8243;][tm_spacer size=&#8221;lg:67&#8243;][tm_blog style=&#8221;grid-metro&#8221; number=&#8221;23&#8243; filter_wrap=&#8221;1&#8243; taxonomies=&#8221;category:blog-2&#8243; columns=&#8221;xs:1;sm:2;lg:3&#8243; custom_css=&#8221;LmNhdGVnb3J5JTNBdW5jYXRlZ29yaXplZCU3QiUwQSUyMCUyMCUyMCUyMGRpc3BsYXklM0Fub25lJTIxaW1wb3J0YW50JTNCJTBBJTdE&#8221;][tm_spacer size=&#8221;lg:67&#8243;][\/vc_column][vc_column width=&#8221;1\/12&#8243;][\/vc_column][\/vc_row][vc_row full_width=&#8221;stretch_row_content_no_spaces&#8221; disable_element=&#8221;yes&#8221;][vc_column width=&#8221;1\/3&#8243; overlay_background=&#8221;custom&#8221; overlay_opacity=&#8221;23&#8243; background_image=&#8221;56&#8243;][tm_spacer size=&#8221;lg:99&#8243;][vc_column_text]<\/p>\n<h4 style=\"text-align: center;\"><span style=\"color: #ffffff;\">COMMUNICATION<\/span><br \/>\n<span style=\"color: #ffffff;\">AGENCY<\/span><\/h4>\n<p>[\/vc_column_text][tm_spacer size=&#8221;lg:12&#8243;][tm_button button=&#8221;url:%2Fagencia-de-comunicacion|title:DESCUBRIR||&#8221; align=&#8221;center&#8221;][tm_spacer size=&#8221;lg:99&#8243;][\/vc_column][vc_column width=&#8221;1\/3&#8243; overlay_background=&#8221;custom&#8221; overlay_opacity=&#8221;23&#8243; background_image=&#8221;58&#8243;][tm_spacer size=&#8221;lg:99&#8243;][vc_column_text el_class=&#8221;white&#8221;]<\/p>\n<h4 style=\"text-align: center;\"><span style=\"color: #ffffff;\">EVENT<\/span><br \/>\n<span style=\"color: #ffffff;\">PLANNING<\/span><\/h4>\n<p>[\/vc_column_text][tm_spacer size=&#8221;lg:12&#8243;][tm_button button=&#8221;url:%2Forganizacion-de-eventos|title:DESCUBRIR||&#8221; align=&#8221;center&#8221;][tm_spacer size=&#8221;lg:99&#8243;][\/vc_column][vc_column width=&#8221;1\/3&#8243; overlay_background=&#8221;custom&#8221; overlay_opacity=&#8221;23&#8243; background_image=&#8221;54&#8243;][tm_spacer size=&#8221;lg:99&#8243;][vc_column_text]<\/p>\n<h4 style=\"text-align: center;\"><span style=\"color: #ffffff;\">PUBLIC<\/span><br \/>\n<span style=\"color: #ffffff;\">RELATIONS<\/span><\/h4>\n<p>[\/vc_column_text][tm_spacer size=&#8221;lg:12&#8243;][tm_button button=&#8221;url:%2Frelaciones-publicas|title:DESCUBRIR||&#8221; align=&#8221;center&#8221;][tm_spacer size=&#8221;lg:99&#8243;][\/vc_column][\/vc_row][vc_row full_width=&#8221;stretch_row_content_no_spaces&#8221; background_color=&#8221;primary&#8221;][vc_column][\/vc_column][\/vc_row]<\/p>\n<\/div>","protected":false},"excerpt":{"rendered":"<p>[vc_row full_width=&#8221;stretch_row_content_no_spaces&#8221; background_attachment=&#8221;fixed&#8221; overlay_background=&#8221;custom&#8221; overlay_opacity=&#8221;34&#8243; effect=&#8221;constellation&#8221; constellation_star_color=&#8221;rgba(255,255,255,0.5)&#8221; constellation_line_color=&#8221;rgba(255,255,255,0.5)&#8221; background_image=&#8221;57&#8243;][vc_column][tm_spacer size=&#8221;lg:234&#8243;][vc_row_inner][vc_column_inner width=&#8221;1\/6&#8243;][\/vc_column_inner][vc_column_inner width=&#8221;2\/3&#8243;][vc_column_text] BLOG [\/vc_column_text][vc_column_text] GET UPDATED WITH THE LATEST NEWS [\/vc_column_text][\/vc_column_inner][vc_column_inner width=&#8221;1\/6&#8243;][\/vc_column_inner][\/vc_row_inner][tm_spacer size=&#8221;lg:234&#8243;][\/vc_column][\/vc_row][vc_row full_width=&#8221;stretch_row_content_no_spaces&#8221; content_placement=&#8221;middle&#8221;][vc_column css_animation=&#8221;none&#8221; width=&#8221;1\/12&#8243;][\/vc_column][vc_column css_animation=&#8221;fadeInLeft&#8221; width=&#8221;10\/12&#8243;][tm_spacer size=&#8221;lg:67&#8243;][tm_blog style=&#8221;grid-metro&#8221; number=&#8221;23&#8243; filter_wrap=&#8221;1&#8243; taxonomies=&#8221;category:blog-2&#8243; columns=&#8221;xs:1;sm:2;lg:3&#8243; custom_css=&#8221;LmNhdGVnb3J5JTNBdW5jYXRlZ29yaXplZCU3QiUwQSUyMCUyMCUyMCUyMGRpc3BsYXklM0Fub25lJTIxaW1wb3J0YW50JTNCJTBBJTdE&#8221;][tm_spacer size=&#8221;lg:67&#8243;][\/vc_column][vc_column width=&#8221;1\/12&#8243;][\/vc_column][\/vc_row][vc_row full_width=&#8221;stretch_row_content_no_spaces&#8221; disable_element=&#8221;yes&#8221;][vc_column width=&#8221;1\/3&#8243; overlay_background=&#8221;custom&#8221; overlay_opacity=&#8221;23&#8243; background_image=&#8221;56&#8243;][tm_spacer size=&#8221;lg:99&#8243;][vc_column_text] COMMUNICATION AGENCY [\/vc_column_text][tm_spacer size=&#8221;lg:12&#8243;][tm_button button=&#8221;url:%2Fagencia-de-comunicacion|title:DESCUBRIR||&#8221; align=&#8221;center&#8221;][tm_spacer size=&#8221;lg:99&#8243;][\/vc_column][vc_column width=&#8221;1\/3&#8243; overlay_background=&#8221;custom&#8221; overlay_opacity=&#8221;23&#8243; background_image=&#8221;58&#8243;][tm_spacer size=&#8221;lg:99&#8243;][vc_column_text el_class=&#8221;white&#8221;] EVENT PLANNING [\/vc_column_text][tm_spacer size=&#8221;lg:12&#8243;][tm_button button=&#8221;url:%2Forganizacion-de-eventos|title:DESCUBRIR||&#8221; align=&#8221;center&#8221;][tm_spacer size=&#8221;lg:99&#8243;][\/vc_column][vc_column width=&#8221;1\/3&#8243; overlay_background=&#8221;custom&#8221; overlay_opacity=&#8221;23&#8243; background_image=&#8221;54&#8243;][tm_spacer size=&#8221;lg:99&#8243;][vc_column_text] PUBLIC RELATIONS [\/vc_column_text][tm_spacer size=&#8221;lg:12&#8243;][tm_button button=&#8221;url:%2Frelaciones-publicas|title:DESCUBRIR||&#8221; align=&#8221;center&#8221;][tm_spacer size=&#8221;lg:99&#8243;][\/vc_column][\/vc_row][vc_row full_width=&#8221;stretch_row_content_no_spaces&#8221; background_color=&#8221;primary&#8221;][vc_column][\/vc_column][\/vc_row]<\/p>\n","protected":false},"author":1,"featured_media":6125,"parent":0,"menu_order":0,"comment_status":"closed","ping_status":"closed","template":"","meta":{"_exactmetrics_skip_tracking":false,"_exactmetrics_sitenote_active":false,"_exactmetrics_sitenote_note":"","_exactmetrics_sitenote_category":0,"footnotes":""},"class_list":["post-5920","page","type-page","status-publish","has-post-thumbnail","hentry"],"yoast_head":"<!-- This site is optimized with the Yoast SEO plugin v23.0 - https:\/\/yoast.com\/wordpress\/plugins\/seo\/ -->\n<title>BLOG | MN Comunicaci\u00f3n<\/title>\n<meta name=\"robots\" content=\"index, follow, max-snippet:-1, max-image-preview:large, max-video-preview:-1\" \/>\n<link rel=\"canonical\" href=\"https:\/\/www.mncomunicacion.com\/en\/blog\" \/>\n<meta property=\"og:locale\" content=\"en_US\" \/>\n<meta property=\"og:type\" content=\"article\" \/>\n<meta property=\"og:title\" content=\"BLOG | MN Comunicaci\u00f3n\" \/>\n<meta property=\"og:description\" content=\"[vc_row full_width=&#8221;stretch_row_content_no_spaces&#8221; background_attachment=&#8221;fixed&#8221; overlay_background=&#8221;custom&#8221; overlay_opacity=&#8221;34&#8243; effect=&#8221;constellation&#8221; constellation_star_color=&#8221;rgba(255,255,255,0.5)&#8221; constellation_line_color=&#8221;rgba(255,255,255,0.5)&#8221; background_image=&#8221;57&#8243;][vc_column][tm_spacer size=&#8221;lg:234&#8243;][vc_row_inner][vc_column_inner width=&#8221;1\/6&#8243;][\/vc_column_inner][vc_column_inner width=&#8221;2\/3&#8243;][vc_column_text] BLOG [\/vc_column_text][vc_column_text] GET UPDATED WITH THE LATEST NEWS [\/vc_column_text][\/vc_column_inner][vc_column_inner width=&#8221;1\/6&#8243;][\/vc_column_inner][\/vc_row_inner][tm_spacer size=&#8221;lg:234&#8243;][\/vc_column][\/vc_row][vc_row full_width=&#8221;stretch_row_content_no_spaces&#8221; content_placement=&#8221;middle&#8221;][vc_column css_animation=&#8221;none&#8221; width=&#8221;1\/12&#8243;][\/vc_column][vc_column css_animation=&#8221;fadeInLeft&#8221; width=&#8221;10\/12&#8243;][tm_spacer size=&#8221;lg:67&#8243;][tm_blog style=&#8221;grid-metro&#8221; number=&#8221;23&#8243; filter_wrap=&#8221;1&#8243; taxonomies=&#8221;category:blog-2&#8243; columns=&#8221;xs:1;sm:2;lg:3&#8243; custom_css=&#8221;LmNhdGVnb3J5JTNBdW5jYXRlZ29yaXplZCU3QiUwQSUyMCUyMCUyMCUyMGRpc3BsYXklM0Fub25lJTIxaW1wb3J0YW50JTNCJTBBJTdE&#8221;][tm_spacer size=&#8221;lg:67&#8243;][\/vc_column][vc_column width=&#8221;1\/12&#8243;][\/vc_column][\/vc_row][vc_row full_width=&#8221;stretch_row_content_no_spaces&#8221; disable_element=&#8221;yes&#8221;][vc_column width=&#8221;1\/3&#8243; overlay_background=&#8221;custom&#8221; overlay_opacity=&#8221;23&#8243; background_image=&#8221;56&#8243;][tm_spacer size=&#8221;lg:99&#8243;][vc_column_text] COMMUNICATION AGENCY [\/vc_column_text][tm_spacer size=&#8221;lg:12&#8243;][tm_button button=&#8221;url:%2Fagencia-de-comunicacion|title:DESCUBRIR||&#8221; align=&#8221;center&#8221;][tm_spacer size=&#8221;lg:99&#8243;][\/vc_column][vc_column width=&#8221;1\/3&#8243; overlay_background=&#8221;custom&#8221; overlay_opacity=&#8221;23&#8243; background_image=&#8221;58&#8243;][tm_spacer size=&#8221;lg:99&#8243;][vc_column_text el_class=&#8221;white&#8221;] EVENT PLANNING [\/vc_column_text][tm_spacer size=&#8221;lg:12&#8243;][tm_button button=&#8221;url:%2Forganizacion-de-eventos|title:DESCUBRIR||&#8221; align=&#8221;center&#8221;][tm_spacer size=&#8221;lg:99&#8243;][\/vc_column][vc_column width=&#8221;1\/3&#8243; overlay_background=&#8221;custom&#8221; overlay_opacity=&#8221;23&#8243; background_image=&#8221;54&#8243;][tm_spacer size=&#8221;lg:99&#8243;][vc_column_text] PUBLIC RELATIONS [\/vc_column_text][tm_spacer size=&#8221;lg:12&#8243;][tm_button button=&#8221;url:%2Frelaciones-publicas|title:DESCUBRIR||&#8221; align=&#8221;center&#8221;][tm_spacer size=&#8221;lg:99&#8243;][\/vc_column][\/vc_row][vc_row full_width=&#8221;stretch_row_content_no_spaces&#8221; background_color=&#8221;primary&#8221;][vc_column][\/vc_column][\/vc_row]\" \/>\n<meta property=\"og:url\" content=\"https:\/\/www.mncomunicacion.com\/en\/blog\" \/>\n<meta property=\"og:site_name\" content=\"MN Comunicaci\u00f3n\" \/>\n<meta property=\"article:publisher\" content=\"https:\/\/www.facebook.com\/marienoelle.escomunicacion\/\" \/>\n<meta property=\"article:modified_time\" content=\"2019-07-17T19:57:33+00:00\" \/>\n<meta name=\"twitter:card\" content=\"summary_large_image\" \/>\n<meta name=\"twitter:site\" content=\"@MNcomunicacion\" \/>\n<meta name=\"twitter:label1\" content=\"Est. reading time\" \/>\n\t<meta name=\"twitter:data1\" content=\"2 minutes\" \/>\n<script type=\"application\/ld+json\" class=\"yoast-schema-graph\">{\"@context\":\"https:\/\/schema.org\",\"@graph\":[{\"@type\":\"WebPage\",\"@id\":\"https:\/\/www.mncomunicacion.com\/en\/blog\",\"url\":\"https:\/\/www.mncomunicacion.com\/en\/blog\",\"name\":\"BLOG | MN Comunicaci\u00f3n\",\"isPartOf\":{\"@id\":\"https:\/\/www.mncomunicacion.com\/#website\"},\"primaryImageOfPage\":{\"@id\":\"https:\/\/www.mncomunicacion.com\/en\/blog#primaryimage\"},\"image\":{\"@id\":\"https:\/\/www.mncomunicacion.com\/en\/blog#primaryimage\"},\"thumbnailUrl\":\"https:\/\/www.mncomunicacion.com\/wp-content\/uploads\/2019\/07\/MNComunicacion-Imagen-Destacada.png\",\"datePublished\":\"2019-04-24T14:05:38+00:00\",\"dateModified\":\"2019-07-17T19:57:33+00:00\",\"breadcrumb\":{\"@id\":\"https:\/\/www.mncomunicacion.com\/en\/blog#breadcrumb\"},\"inLanguage\":\"en-US\",\"potentialAction\":[{\"@type\":\"ReadAction\",\"target\":[\"https:\/\/www.mncomunicacion.com\/en\/blog\"]}]},{\"@type\":\"ImageObject\",\"inLanguage\":\"en-US\",\"@id\":\"https:\/\/www.mncomunicacion.com\/en\/blog#primaryimage\",\"url\":\"https:\/\/www.mncomunicacion.com\/wp-content\/uploads\/2019\/07\/MNComunicacion-Imagen-Destacada.png\",\"contentUrl\":\"https:\/\/www.mncomunicacion.com\/wp-content\/uploads\/2019\/07\/MNComunicacion-Imagen-Destacada.png\",\"width\":2434,\"height\":1568},{\"@type\":\"BreadcrumbList\",\"@id\":\"https:\/\/www.mncomunicacion.com\/en\/blog#breadcrumb\",\"itemListElement\":[{\"@type\":\"ListItem\",\"position\":1,\"name\":\"Portada\",\"item\":\"https:\/\/www.mncomunicacion.com\/en\"},{\"@type\":\"ListItem\",\"position\":2,\"name\":\"BLOG\"}]},{\"@type\":\"WebSite\",\"@id\":\"https:\/\/www.mncomunicacion.com\/#website\",\"url\":\"https:\/\/www.mncomunicacion.com\/\",\"name\":\"MN Comunicaci\u00f3n\",\"description\":\"Agencia de Comunicaci\u00f3n y Organizaci\u00f3n de Eventos en Marbella\",\"publisher\":{\"@id\":\"https:\/\/www.mncomunicacion.com\/#organization\"},\"potentialAction\":[{\"@type\":\"SearchAction\",\"target\":{\"@type\":\"EntryPoint\",\"urlTemplate\":\"https:\/\/www.mncomunicacion.com\/?s={search_term_string}\"},\"query-input\":\"required name=search_term_string\"}],\"inLanguage\":\"en-US\"},{\"@type\":\"Organization\",\"@id\":\"https:\/\/www.mncomunicacion.com\/#organization\",\"name\":\"MN COMUNICACI\u00d3N\",\"url\":\"https:\/\/www.mncomunicacion.com\/\",\"logo\":{\"@type\":\"ImageObject\",\"inLanguage\":\"en-US\",\"@id\":\"https:\/\/www.mncomunicacion.com\/#\/schema\/logo\/image\/\",\"url\":\"https:\/\/www.mncomunicacion.com\/wp-content\/uploads\/2019\/05\/logo.png\",\"contentUrl\":\"https:\/\/www.mncomunicacion.com\/wp-content\/uploads\/2019\/05\/logo.png\",\"width\":150,\"height\":150,\"caption\":\"MN COMUNICACI\u00d3N\"},\"image\":{\"@id\":\"https:\/\/www.mncomunicacion.com\/#\/schema\/logo\/image\/\"},\"sameAs\":[\"https:\/\/www.facebook.com\/marienoelle.escomunicacion\/\",\"https:\/\/x.com\/MNcomunicacion\",\"https:\/\/www.linkedin.com\/company\/marie-no-lle-es-comunicaci-n\/\",\"https:\/\/www.youtube.com\/channel\/UCnHVdXKiLf30LsIfV8k0xIQ\"]}]}<\/script>\n<!-- \/ Yoast SEO plugin. -->","yoast_head_json":{"title":"BLOG | MN Comunicaci\u00f3n","robots":{"index":"index","follow":"follow","max-snippet":"max-snippet:-1","max-image-preview":"max-image-preview:large","max-video-preview":"max-video-preview:-1"},"canonical":"https:\/\/www.mncomunicacion.com\/en\/blog","og_locale":"en_US","og_type":"article","og_title":"BLOG | MN Comunicaci\u00f3n","og_description":"[vc_row full_width=&#8221;stretch_row_content_no_spaces&#8221; background_attachment=&#8221;fixed&#8221; overlay_background=&#8221;custom&#8221; overlay_opacity=&#8221;34&#8243; effect=&#8221;constellation&#8221; constellation_star_color=&#8221;rgba(255,255,255,0.5)&#8221; constellation_line_color=&#8221;rgba(255,255,255,0.5)&#8221; background_image=&#8221;57&#8243;][vc_column][tm_spacer size=&#8221;lg:234&#8243;][vc_row_inner][vc_column_inner width=&#8221;1\/6&#8243;][\/vc_column_inner][vc_column_inner width=&#8221;2\/3&#8243;][vc_column_text] BLOG [\/vc_column_text][vc_column_text] GET UPDATED WITH THE LATEST NEWS [\/vc_column_text][\/vc_column_inner][vc_column_inner width=&#8221;1\/6&#8243;][\/vc_column_inner][\/vc_row_inner][tm_spacer size=&#8221;lg:234&#8243;][\/vc_column][\/vc_row][vc_row full_width=&#8221;stretch_row_content_no_spaces&#8221; content_placement=&#8221;middle&#8221;][vc_column css_animation=&#8221;none&#8221; width=&#8221;1\/12&#8243;][\/vc_column][vc_column css_animation=&#8221;fadeInLeft&#8221; width=&#8221;10\/12&#8243;][tm_spacer size=&#8221;lg:67&#8243;][tm_blog style=&#8221;grid-metro&#8221; number=&#8221;23&#8243; filter_wrap=&#8221;1&#8243; taxonomies=&#8221;category:blog-2&#8243; columns=&#8221;xs:1;sm:2;lg:3&#8243; custom_css=&#8221;LmNhdGVnb3J5JTNBdW5jYXRlZ29yaXplZCU3QiUwQSUyMCUyMCUyMCUyMGRpc3BsYXklM0Fub25lJTIxaW1wb3J0YW50JTNCJTBBJTdE&#8221;][tm_spacer size=&#8221;lg:67&#8243;][\/vc_column][vc_column width=&#8221;1\/12&#8243;][\/vc_column][\/vc_row][vc_row full_width=&#8221;stretch_row_content_no_spaces&#8221; disable_element=&#8221;yes&#8221;][vc_column width=&#8221;1\/3&#8243; overlay_background=&#8221;custom&#8221; overlay_opacity=&#8221;23&#8243; background_image=&#8221;56&#8243;][tm_spacer size=&#8221;lg:99&#8243;][vc_column_text] COMMUNICATION AGENCY [\/vc_column_text][tm_spacer size=&#8221;lg:12&#8243;][tm_button button=&#8221;url:%2Fagencia-de-comunicacion|title:DESCUBRIR||&#8221; align=&#8221;center&#8221;][tm_spacer size=&#8221;lg:99&#8243;][\/vc_column][vc_column width=&#8221;1\/3&#8243; overlay_background=&#8221;custom&#8221; overlay_opacity=&#8221;23&#8243; background_image=&#8221;58&#8243;][tm_spacer size=&#8221;lg:99&#8243;][vc_column_text el_class=&#8221;white&#8221;] EVENT PLANNING [\/vc_column_text][tm_spacer size=&#8221;lg:12&#8243;][tm_button button=&#8221;url:%2Forganizacion-de-eventos|title:DESCUBRIR||&#8221; align=&#8221;center&#8221;][tm_spacer size=&#8221;lg:99&#8243;][\/vc_column][vc_column width=&#8221;1\/3&#8243; overlay_background=&#8221;custom&#8221; overlay_opacity=&#8221;23&#8243; background_image=&#8221;54&#8243;][tm_spacer size=&#8221;lg:99&#8243;][vc_column_text] PUBLIC RELATIONS [\/vc_column_text][tm_spacer size=&#8221;lg:12&#8243;][tm_button button=&#8221;url:%2Frelaciones-publicas|title:DESCUBRIR||&#8221; align=&#8221;center&#8221;][tm_spacer size=&#8221;lg:99&#8243;][\/vc_column][\/vc_row][vc_row full_width=&#8221;stretch_row_content_no_spaces&#8221; background_color=&#8221;primary&#8221;][vc_column][\/vc_column][\/vc_row]","og_url":"https:\/\/www.mncomunicacion.com\/en\/blog","og_site_name":"MN Comunicaci\u00f3n","article_publisher":"https:\/\/www.facebook.com\/marienoelle.escomunicacion\/","article_modified_time":"2019-07-17T19:57:33+00:00","twitter_card":"summary_large_image","twitter_site":"@MNcomunicacion","twitter_misc":{"Est. reading time":"2 minutes"},"schema":{"@context":"https:\/\/schema.org","@graph":[{"@type":"WebPage","@id":"https:\/\/www.mncomunicacion.com\/en\/blog","url":"https:\/\/www.mncomunicacion.com\/en\/blog","name":"BLOG | MN Comunicaci\u00f3n","isPartOf":{"@id":"https:\/\/www.mncomunicacion.com\/#website"},"primaryImageOfPage":{"@id":"https:\/\/www.mncomunicacion.com\/en\/blog#primaryimage"},"image":{"@id":"https:\/\/www.mncomunicacion.com\/en\/blog#primaryimage"},"thumbnailUrl":"https:\/\/www.mncomunicacion.com\/wp-content\/uploads\/2019\/07\/MNComunicacion-Imagen-Destacada.png","datePublished":"2019-04-24T14:05:38+00:00","dateModified":"2019-07-17T19:57:33+00:00","breadcrumb":{"@id":"https:\/\/www.mncomunicacion.com\/en\/blog#breadcrumb"},"inLanguage":"en-US","potentialAction":[{"@type":"ReadAction","target":["https:\/\/www.mncomunicacion.com\/en\/blog"]}]},{"@type":"ImageObject","inLanguage":"en-US","@id":"https:\/\/www.mncomunicacion.com\/en\/blog#primaryimage","url":"https:\/\/www.mncomunicacion.com\/wp-content\/uploads\/2019\/07\/MNComunicacion-Imagen-Destacada.png","contentUrl":"https:\/\/www.mncomunicacion.com\/wp-content\/uploads\/2019\/07\/MNComunicacion-Imagen-Destacada.png","width":2434,"height":1568},{"@type":"BreadcrumbList","@id":"https:\/\/www.mncomunicacion.com\/en\/blog#breadcrumb","itemListElement":[{"@type":"ListItem","position":1,"name":"Portada","item":"https:\/\/www.mncomunicacion.com\/en"},{"@type":"ListItem","position":2,"name":"BLOG"}]},{"@type":"WebSite","@id":"https:\/\/www.mncomunicacion.com\/#website","url":"https:\/\/www.mncomunicacion.com\/","name":"MN Comunicaci\u00f3n","description":"Agencia de Comunicaci\u00f3n y Organizaci\u00f3n de Eventos en Marbella","publisher":{"@id":"https:\/\/www.mncomunicacion.com\/#organization"},"potentialAction":[{"@type":"SearchAction","target":{"@type":"EntryPoint","urlTemplate":"https:\/\/www.mncomunicacion.com\/?s={search_term_string}"},"query-input":"required name=search_term_string"}],"inLanguage":"en-US"},{"@type":"Organization","@id":"https:\/\/www.mncomunicacion.com\/#organization","name":"MN COMUNICACI\u00d3N","url":"https:\/\/www.mncomunicacion.com\/","logo":{"@type":"ImageObject","inLanguage":"en-US","@id":"https:\/\/www.mncomunicacion.com\/#\/schema\/logo\/image\/","url":"https:\/\/www.mncomunicacion.com\/wp-content\/uploads\/2019\/05\/logo.png","contentUrl":"https:\/\/www.mncomunicacion.com\/wp-content\/uploads\/2019\/05\/logo.png","width":150,"height":150,"caption":"MN COMUNICACI\u00d3N"},"image":{"@id":"https:\/\/www.mncomunicacion.com\/#\/schema\/logo\/image\/"},"sameAs":["https:\/\/www.facebook.com\/marienoelle.escomunicacion\/","https:\/\/x.com\/MNcomunicacion","https:\/\/www.linkedin.com\/company\/marie-no-lle-es-comunicaci-n\/","https:\/\/www.youtube.com\/channel\/UCnHVdXKiLf30LsIfV8k0xIQ"]}]}},"_links":{"self":[{"href":"https:\/\/www.mncomunicacion.com\/en\/wp-json\/wp\/v2\/pages\/5920"}],"collection":[{"href":"https:\/\/www.mncomunicacion.com\/en\/wp-json\/wp\/v2\/pages"}],"about":[{"href":"https:\/\/www.mncomunicacion.com\/en\/wp-json\/wp\/v2\/types\/page"}],"author":[{"embeddable":true,"href":"https:\/\/www.mncomunicacion.com\/en\/wp-json\/wp\/v2\/users\/1"}],"replies":[{"embeddable":true,"href":"https:\/\/www.mncomunicacion.com\/en\/wp-json\/wp\/v2\/comments?post=5920"}],"version-history":[{"count":3,"href":"https:\/\/www.mncomunicacion.com\/en\/wp-json\/wp\/v2\/pages\/5920\/revisions"}],"predecessor-version":[{"id":5929,"href":"https:\/\/www.mncomunicacion.com\/en\/wp-json\/wp\/v2\/pages\/5920\/revisions\/5929"}],"wp:featuredmedia":[{"embeddable":true,"href":"https:\/\/www.mncomunicacion.com\/en\/wp-json\/wp\/v2\/media\/6125"}],"wp:attachment":[{"href":"https:\/\/www.mncomunicacion.com\/en\/wp-json\/wp\/v2\/media?parent=5920"}],"curies":[{"name":"wp","href":"https:\/\/api.w.org\/{rel}","templated":true}]}}