{"id":5144,"date":"2019-04-24T14:27:04","date_gmt":"2019-04-24T14:27:04","guid":{"rendered":"https:\/\/www.mncomunicacion.com\/contacto"},"modified":"2024-08-01T11:51:03","modified_gmt":"2024-08-01T11:51:03","slug":"contacto","status":"publish","type":"page","link":"https:\/\/www.mncomunicacion.com\/en\/contacto","title":{"rendered":"CONTACT"},"content":{"rendered":"<div class=\"wpb-content-wrapper\"><p>[vc_row full_width=&#8221;stretch_row_content_no_spaces&#8221; background_attachment=&#8221;fixed&#8221; overlay_background=&#8221;custom&#8221; overlay_opacity=&#8221;34&#8243; effect=&#8221;constellation&#8221; constellation_star_color=&#8221;rgba(255,255,255,0.5)&#8221; constellation_line_color=&#8221;rgba(255,255,255,0.5)&#8221; background_image=&#8221;9663&#8243;][vc_column][tm_spacer size=&#8221;lg:234&#8243;][vc_row_inner][vc_column_inner width=&#8221;1\/6&#8243;][\/vc_column_inner][vc_column_inner width=&#8221;2\/3&#8243;][vc_column_text]<\/p>\n<h1 style=\"text-align: center;\"><span style=\"color: #ffffff;\">CONTACT<\/span><\/h1>\n<p>[\/vc_column_text][vc_column_text]<\/p>\n<h6 style=\"text-align: center;\"><span style=\"color: #ffffff;\"> WE KNOW HOW TO HELP YOU <\/span><\/h6>\n<p>[\/vc_column_text][\/vc_column_inner][vc_column_inner width=&#8221;1\/6&#8243;][\/vc_column_inner][\/vc_row_inner][tm_spacer size=&#8221;lg:234&#8243;][\/vc_column][\/vc_row][vc_row full_width=&#8221;stretch_row_content_no_spaces&#8221; content_placement=&#8221;middle&#8221;][vc_column css_animation=&#8221;none&#8221; width=&#8221;1\/12&#8243;][\/vc_column][vc_column css_animation=&#8221;fadeInLeft&#8221; width=&#8221;10\/12&#8243;][tm_spacer size=&#8221;lg:67&#8243;][vc_row_inner][vc_column_inner width=&#8221;1\/3&#8243;][vc_column_text]<\/p>\n<h2 style=\"text-align: left;\">Contact us<\/h2>\n<p style=\"text-align: left;\">In MN Comunicaci\u00f3n we have a clear goal: To be part of your success. To do this, we put at your disposal our experience, our knowledge, and our know-how to guarantee the best results.<\/p>\n<p style=\"text-align: left;\">If you would like to contact us or receive more information please fill out the form on this page or, if you prefer by<br \/>\nPhone +34 647 53 60 05<br \/>\nEmail to <a href=\"mailto:info@mncomunicacion.com\">info@mncomunicacion.com<\/a><\/p>\n<p>[\/vc_column_text][tm_spacer size=&#8221;lg:23&#8243;][\/vc_column_inner][vc_column_inner width=&#8221;2\/3&#8243; lg_spacing=&#8221;margin_left:34&#8243; md_spacing=&#8221;margin_left:34&#8243; sm_spacing=&#8221;margin_left:34&#8243;][tm_contact_form_7 id=&#8221;6&#8243; style=&#8221;03&#8243;][\/vc_column_inner][\/vc_row_inner][tm_spacer size=&#8221;lg:67&#8243;][\/vc_column][vc_column width=&#8221;1\/12&#8243;][\/vc_column][\/vc_row][vc_row full_width=&#8221;stretch_row_content_no_spaces&#8221; disable_element=&#8221;yes&#8221;][vc_column width=&#8221;1\/3&#8243; overlay_background=&#8221;custom&#8221; overlay_opacity=&#8221;23&#8243; background_image=&#8221;56&#8243;][tm_spacer size=&#8221;lg:99&#8243;][vc_column_text]<\/p>\n<h4 style=\"text-align: center;\"><span style=\"color: #ffffff;\">COMMUNICATION<\/span><br \/>\n<span style=\"color: #ffffff;\">AGENCY<\/span><\/h4>\n<p>[\/vc_column_text][tm_spacer size=&#8221;lg:12&#8243;][tm_button button=&#8221;url:%2Fagencia-de-comunicacion|title:DESCUBRIR||&#8221; align=&#8221;center&#8221;][tm_spacer size=&#8221;lg:99&#8243;][\/vc_column][vc_column width=&#8221;1\/3&#8243; overlay_background=&#8221;custom&#8221; overlay_opacity=&#8221;23&#8243; background_image=&#8221;58&#8243;][tm_spacer size=&#8221;lg:99&#8243;][vc_column_text el_class=&#8221;white&#8221;]<\/p>\n<h4 style=\"text-align: center;\"><span style=\"color: #ffffff;\">EVENT<\/span><br \/>\n<span style=\"color: #ffffff;\">PLANNING<\/span><\/h4>\n<p>[\/vc_column_text][tm_spacer size=&#8221;lg:12&#8243;][tm_button button=&#8221;url:%2Forganizacion-de-eventos|title:DESCUBRIR||&#8221; align=&#8221;center&#8221;][tm_spacer size=&#8221;lg:99&#8243;][\/vc_column][vc_column width=&#8221;1\/3&#8243; overlay_background=&#8221;custom&#8221; overlay_opacity=&#8221;23&#8243; background_image=&#8221;54&#8243;][tm_spacer size=&#8221;lg:99&#8243;][vc_column_text]<\/p>\n<h4 style=\"text-align: center;\"><span style=\"color: #ffffff;\">PUBLIC<\/span><br \/>\n<span style=\"color: #ffffff;\">RELATIONS<\/span><\/h4>\n<p>[\/vc_column_text][tm_spacer size=&#8221;lg:12&#8243;][tm_button button=&#8221;url:%2Frelaciones-publicas|title:DESCUBRIR||&#8221; align=&#8221;center&#8221;][tm_spacer size=&#8221;lg:99&#8243;][\/vc_column][\/vc_row][vc_row full_width=&#8221;stretch_row_content_no_spaces&#8221; background_color=&#8221;primary&#8221;][vc_column][\/vc_column][\/vc_row]<\/p>\n<\/div>","protected":false},"excerpt":{"rendered":"<p>[vc_row full_width=&#8221;stretch_row_content_no_spaces&#8221; background_attachment=&#8221;fixed&#8221; overlay_background=&#8221;custom&#8221; overlay_opacity=&#8221;34&#8243; effect=&#8221;constellation&#8221; constellation_star_color=&#8221;rgba(255,255,255,0.5)&#8221; constellation_line_color=&#8221;rgba(255,255,255,0.5)&#8221; background_image=&#8221;9663&#8243;][vc_column][tm_spacer size=&#8221;lg:234&#8243;][vc_row_inner][vc_column_inner width=&#8221;1\/6&#8243;][\/vc_column_inner][vc_column_inner width=&#8221;2\/3&#8243;][vc_column_text] CONTACT [\/vc_column_text][vc_column_text] WE KNOW HOW TO HELP YOU [\/vc_column_text][\/vc_column_inner][vc_column_inner width=&#8221;1\/6&#8243;][\/vc_column_inner][\/vc_row_inner][tm_spacer size=&#8221;lg:234&#8243;][\/vc_column][\/vc_row][vc_row full_width=&#8221;stretch_row_content_no_spaces&#8221; content_placement=&#8221;middle&#8221;][vc_column css_animation=&#8221;none&#8221; width=&#8221;1\/12&#8243;][\/vc_column][vc_column css_animation=&#8221;fadeInLeft&#8221; width=&#8221;10\/12&#8243;][tm_spacer size=&#8221;lg:67&#8243;][vc_row_inner][vc_column_inner width=&#8221;1\/3&#8243;][vc_column_text] Contact us In MN Comunicaci\u00f3n we have a clear goal: To be part of your success. To do this, we put at your disposal our experience, our knowledge, and our know-how to guarantee the best results. If you would like to contact us or receive more information please fill out the form on this page or, if you prefer by Phone +34 647 53 60 05 Email to info@mncomunicacion.com [\/vc_column_text][tm_spacer size=&#8221;lg:23&#8243;][\/vc_column_inner][vc_column_inner width=&#8221;2\/3&#8243; lg_spacing=&#8221;margin_left:34&#8243; md_spacing=&#8221;margin_left:34&#8243; sm_spacing=&#8221;margin_left:34&#8243;][tm_contact_form_7 id=&#8221;6&#8243; style=&#8221;03&#8243;][\/vc_column_inner][\/vc_row_inner][tm_spacer size=&#8221;lg:67&#8243;][\/vc_column][vc_column width=&#8221;1\/12&#8243;][\/vc_column][\/vc_row][vc_row full_width=&#8221;stretch_row_content_no_spaces&#8221; disable_element=&#8221;yes&#8221;][vc_column width=&#8221;1\/3&#8243; overlay_background=&#8221;custom&#8221; overlay_opacity=&#8221;23&#8243; background_image=&#8221;56&#8243;][tm_spacer size=&#8221;lg:99&#8243;][vc_column_text] COMMUNICATION AGENCY [\/vc_column_text][tm_spacer size=&#8221;lg:12&#8243;][tm_button button=&#8221;url:%2Fagencia-de-comunicacion|title:DESCUBRIR||&#8221; align=&#8221;center&#8221;][tm_spacer size=&#8221;lg:99&#8243;][\/vc_column][vc_column width=&#8221;1\/3&#8243; overlay_background=&#8221;custom&#8221; overlay_opacity=&#8221;23&#8243; background_image=&#8221;58&#8243;][tm_spacer size=&#8221;lg:99&#8243;][vc_column_text el_class=&#8221;white&#8221;] EVENT PLANNING [\/vc_column_text][tm_spacer size=&#8221;lg:12&#8243;][tm_button button=&#8221;url:%2Forganizacion-de-eventos|title:DESCUBRIR||&#8221; align=&#8221;center&#8221;][tm_spacer size=&#8221;lg:99&#8243;][\/vc_column][vc_column width=&#8221;1\/3&#8243; overlay_background=&#8221;custom&#8221; overlay_opacity=&#8221;23&#8243; background_image=&#8221;54&#8243;][tm_spacer size=&#8221;lg:99&#8243;][vc_column_text] PUBLIC RELATIONS [\/vc_column_text][tm_spacer size=&#8221;lg:12&#8243;][tm_button button=&#8221;url:%2Frelaciones-publicas|title:DESCUBRIR||&#8221; align=&#8221;center&#8221;][tm_spacer size=&#8221;lg:99&#8243;][\/vc_column][\/vc_row][vc_row full_width=&#8221;stretch_row_content_no_spaces&#8221; background_color=&#8221;primary&#8221;][vc_column][\/vc_column][\/vc_row]<\/p>\n","protected":false},"author":1,"featured_media":6125,"parent":0,"menu_order":0,"comment_status":"closed","ping_status":"closed","template":"","meta":{"_exactmetrics_skip_tracking":false,"_exactmetrics_sitenote_active":false,"_exactmetrics_sitenote_note":"","_exactmetrics_sitenote_category":0,"footnotes":""},"class_list":["post-5144","page","type-page","status-publish","has-post-thumbnail","hentry"],"yoast_head":"<!-- This site is optimized with the Yoast SEO plugin v23.0 - https:\/\/yoast.com\/wordpress\/plugins\/seo\/ -->\n<title>CONTACT | MN Comunicaci\u00f3n<\/title>\n<meta name=\"robots\" content=\"index, follow, max-snippet:-1, max-image-preview:large, max-video-preview:-1\" \/>\n<link rel=\"canonical\" href=\"https:\/\/www.mncomunicacion.com\/en\/contacto\" \/>\n<meta property=\"og:locale\" content=\"en_US\" \/>\n<meta property=\"og:type\" content=\"article\" \/>\n<meta property=\"og:title\" content=\"CONTACT | MN Comunicaci\u00f3n\" \/>\n<meta property=\"og:description\" content=\"[vc_row full_width=&#8221;stretch_row_content_no_spaces&#8221; background_attachment=&#8221;fixed&#8221; overlay_background=&#8221;custom&#8221; overlay_opacity=&#8221;34&#8243; effect=&#8221;constellation&#8221; constellation_star_color=&#8221;rgba(255,255,255,0.5)&#8221; constellation_line_color=&#8221;rgba(255,255,255,0.5)&#8221; background_image=&#8221;9663&#8243;][vc_column][tm_spacer size=&#8221;lg:234&#8243;][vc_row_inner][vc_column_inner width=&#8221;1\/6&#8243;][\/vc_column_inner][vc_column_inner width=&#8221;2\/3&#8243;][vc_column_text] CONTACT [\/vc_column_text][vc_column_text] WE KNOW HOW TO HELP YOU [\/vc_column_text][\/vc_column_inner][vc_column_inner width=&#8221;1\/6&#8243;][\/vc_column_inner][\/vc_row_inner][tm_spacer size=&#8221;lg:234&#8243;][\/vc_column][\/vc_row][vc_row full_width=&#8221;stretch_row_content_no_spaces&#8221; content_placement=&#8221;middle&#8221;][vc_column css_animation=&#8221;none&#8221; width=&#8221;1\/12&#8243;][\/vc_column][vc_column css_animation=&#8221;fadeInLeft&#8221; width=&#8221;10\/12&#8243;][tm_spacer size=&#8221;lg:67&#8243;][vc_row_inner][vc_column_inner width=&#8221;1\/3&#8243;][vc_column_text] Contact us In MN Comunicaci\u00f3n we have a clear goal: To be part of your success. To do this, we put at your disposal our experience, our knowledge, and our know-how to guarantee the best results. If you would like to contact us or receive more information please fill out the form on this page or, if you prefer by Phone +34 647 53 60 05 Email to info@mncomunicacion.com [\/vc_column_text][tm_spacer size=&#8221;lg:23&#8243;][\/vc_column_inner][vc_column_inner width=&#8221;2\/3&#8243; lg_spacing=&#8221;margin_left:34&#8243; md_spacing=&#8221;margin_left:34&#8243; sm_spacing=&#8221;margin_left:34&#8243;][tm_contact_form_7 id=&#8221;6&#8243; style=&#8221;03&#8243;][\/vc_column_inner][\/vc_row_inner][tm_spacer size=&#8221;lg:67&#8243;][\/vc_column][vc_column width=&#8221;1\/12&#8243;][\/vc_column][\/vc_row][vc_row full_width=&#8221;stretch_row_content_no_spaces&#8221; disable_element=&#8221;yes&#8221;][vc_column width=&#8221;1\/3&#8243; overlay_background=&#8221;custom&#8221; overlay_opacity=&#8221;23&#8243; background_image=&#8221;56&#8243;][tm_spacer size=&#8221;lg:99&#8243;][vc_column_text] COMMUNICATION AGENCY [\/vc_column_text][tm_spacer size=&#8221;lg:12&#8243;][tm_button button=&#8221;url:%2Fagencia-de-comunicacion|title:DESCUBRIR||&#8221; align=&#8221;center&#8221;][tm_spacer size=&#8221;lg:99&#8243;][\/vc_column][vc_column width=&#8221;1\/3&#8243; overlay_background=&#8221;custom&#8221; overlay_opacity=&#8221;23&#8243; background_image=&#8221;58&#8243;][tm_spacer size=&#8221;lg:99&#8243;][vc_column_text el_class=&#8221;white&#8221;] EVENT PLANNING [\/vc_column_text][tm_spacer size=&#8221;lg:12&#8243;][tm_button button=&#8221;url:%2Forganizacion-de-eventos|title:DESCUBRIR||&#8221; align=&#8221;center&#8221;][tm_spacer size=&#8221;lg:99&#8243;][\/vc_column][vc_column width=&#8221;1\/3&#8243; overlay_background=&#8221;custom&#8221; overlay_opacity=&#8221;23&#8243; background_image=&#8221;54&#8243;][tm_spacer size=&#8221;lg:99&#8243;][vc_column_text] PUBLIC RELATIONS [\/vc_column_text][tm_spacer size=&#8221;lg:12&#8243;][tm_button button=&#8221;url:%2Frelaciones-publicas|title:DESCUBRIR||&#8221; align=&#8221;center&#8221;][tm_spacer size=&#8221;lg:99&#8243;][\/vc_column][\/vc_row][vc_row full_width=&#8221;stretch_row_content_no_spaces&#8221; background_color=&#8221;primary&#8221;][vc_column][\/vc_column][\/vc_row]\" \/>\n<meta property=\"og:url\" content=\"https:\/\/www.mncomunicacion.com\/en\/contacto\" \/>\n<meta property=\"og:site_name\" content=\"MN Comunicaci\u00f3n\" \/>\n<meta property=\"article:publisher\" content=\"https:\/\/www.facebook.com\/marienoelle.escomunicacion\/\" \/>\n<meta property=\"article:modified_time\" content=\"2024-08-01T11:51:03+00:00\" \/>\n<meta property=\"og:image\" content=\"https:\/\/www.mncomunicacion.com\/wp-content\/uploads\/2019\/07\/MNComunicacion-Imagen-Destacada-1024x660.png\" \/>\n\t<meta property=\"og:image:width\" content=\"1024\" \/>\n\t<meta property=\"og:image:height\" content=\"660\" \/>\n\t<meta property=\"og:image:type\" content=\"image\/png\" \/>\n<meta name=\"twitter:card\" content=\"summary_large_image\" \/>\n<meta name=\"twitter:site\" content=\"@MNcomunicacion\" \/>\n<meta name=\"twitter:label1\" content=\"Est. reading time\" \/>\n\t<meta name=\"twitter:data1\" content=\"2 minutes\" \/>\n<script type=\"application\/ld+json\" class=\"yoast-schema-graph\">{\"@context\":\"https:\/\/schema.org\",\"@graph\":[{\"@type\":\"WebPage\",\"@id\":\"https:\/\/www.mncomunicacion.com\/en\/contacto\",\"url\":\"https:\/\/www.mncomunicacion.com\/en\/contacto\",\"name\":\"CONTACT | MN Comunicaci\u00f3n\",\"isPartOf\":{\"@id\":\"https:\/\/www.mncomunicacion.com\/#website\"},\"primaryImageOfPage\":{\"@id\":\"https:\/\/www.mncomunicacion.com\/en\/contacto#primaryimage\"},\"image\":{\"@id\":\"https:\/\/www.mncomunicacion.com\/en\/contacto#primaryimage\"},\"thumbnailUrl\":\"https:\/\/www.mncomunicacion.com\/wp-content\/uploads\/2019\/07\/MNComunicacion-Imagen-Destacada.png\",\"datePublished\":\"2019-04-24T14:27:04+00:00\",\"dateModified\":\"2024-08-01T11:51:03+00:00\",\"breadcrumb\":{\"@id\":\"https:\/\/www.mncomunicacion.com\/en\/contacto#breadcrumb\"},\"inLanguage\":\"en-US\",\"potentialAction\":[{\"@type\":\"ReadAction\",\"target\":[\"https:\/\/www.mncomunicacion.com\/en\/contacto\"]}]},{\"@type\":\"ImageObject\",\"inLanguage\":\"en-US\",\"@id\":\"https:\/\/www.mncomunicacion.com\/en\/contacto#primaryimage\",\"url\":\"https:\/\/www.mncomunicacion.com\/wp-content\/uploads\/2019\/07\/MNComunicacion-Imagen-Destacada.png\",\"contentUrl\":\"https:\/\/www.mncomunicacion.com\/wp-content\/uploads\/2019\/07\/MNComunicacion-Imagen-Destacada.png\",\"width\":2434,\"height\":1568},{\"@type\":\"BreadcrumbList\",\"@id\":\"https:\/\/www.mncomunicacion.com\/en\/contacto#breadcrumb\",\"itemListElement\":[{\"@type\":\"ListItem\",\"position\":1,\"name\":\"Portada\",\"item\":\"https:\/\/www.mncomunicacion.com\/en\"},{\"@type\":\"ListItem\",\"position\":2,\"name\":\"CONTACT\"}]},{\"@type\":\"WebSite\",\"@id\":\"https:\/\/www.mncomunicacion.com\/#website\",\"url\":\"https:\/\/www.mncomunicacion.com\/\",\"name\":\"MN Comunicaci\u00f3n\",\"description\":\"Agencia de Comunicaci\u00f3n y Organizaci\u00f3n de Eventos en Marbella\",\"publisher\":{\"@id\":\"https:\/\/www.mncomunicacion.com\/#organization\"},\"potentialAction\":[{\"@type\":\"SearchAction\",\"target\":{\"@type\":\"EntryPoint\",\"urlTemplate\":\"https:\/\/www.mncomunicacion.com\/?s={search_term_string}\"},\"query-input\":\"required name=search_term_string\"}],\"inLanguage\":\"en-US\"},{\"@type\":\"Organization\",\"@id\":\"https:\/\/www.mncomunicacion.com\/#organization\",\"name\":\"MN COMUNICACI\u00d3N\",\"url\":\"https:\/\/www.mncomunicacion.com\/\",\"logo\":{\"@type\":\"ImageObject\",\"inLanguage\":\"en-US\",\"@id\":\"https:\/\/www.mncomunicacion.com\/#\/schema\/logo\/image\/\",\"url\":\"https:\/\/www.mncomunicacion.com\/wp-content\/uploads\/2019\/05\/logo.png\",\"contentUrl\":\"https:\/\/www.mncomunicacion.com\/wp-content\/uploads\/2019\/05\/logo.png\",\"width\":150,\"height\":150,\"caption\":\"MN COMUNICACI\u00d3N\"},\"image\":{\"@id\":\"https:\/\/www.mncomunicacion.com\/#\/schema\/logo\/image\/\"},\"sameAs\":[\"https:\/\/www.facebook.com\/marienoelle.escomunicacion\/\",\"https:\/\/x.com\/MNcomunicacion\",\"https:\/\/www.linkedin.com\/company\/marie-no-lle-es-comunicaci-n\/\",\"https:\/\/www.youtube.com\/channel\/UCnHVdXKiLf30LsIfV8k0xIQ\"]}]}<\/script>\n<!-- \/ Yoast SEO plugin. -->","yoast_head_json":{"title":"CONTACT | MN Comunicaci\u00f3n","robots":{"index":"index","follow":"follow","max-snippet":"max-snippet:-1","max-image-preview":"max-image-preview:large","max-video-preview":"max-video-preview:-1"},"canonical":"https:\/\/www.mncomunicacion.com\/en\/contacto","og_locale":"en_US","og_type":"article","og_title":"CONTACT | MN Comunicaci\u00f3n","og_description":"[vc_row full_width=&#8221;stretch_row_content_no_spaces&#8221; background_attachment=&#8221;fixed&#8221; overlay_background=&#8221;custom&#8221; overlay_opacity=&#8221;34&#8243; effect=&#8221;constellation&#8221; constellation_star_color=&#8221;rgba(255,255,255,0.5)&#8221; constellation_line_color=&#8221;rgba(255,255,255,0.5)&#8221; background_image=&#8221;9663&#8243;][vc_column][tm_spacer size=&#8221;lg:234&#8243;][vc_row_inner][vc_column_inner width=&#8221;1\/6&#8243;][\/vc_column_inner][vc_column_inner width=&#8221;2\/3&#8243;][vc_column_text] CONTACT [\/vc_column_text][vc_column_text] WE KNOW HOW TO HELP YOU [\/vc_column_text][\/vc_column_inner][vc_column_inner width=&#8221;1\/6&#8243;][\/vc_column_inner][\/vc_row_inner][tm_spacer size=&#8221;lg:234&#8243;][\/vc_column][\/vc_row][vc_row full_width=&#8221;stretch_row_content_no_spaces&#8221; content_placement=&#8221;middle&#8221;][vc_column css_animation=&#8221;none&#8221; width=&#8221;1\/12&#8243;][\/vc_column][vc_column css_animation=&#8221;fadeInLeft&#8221; width=&#8221;10\/12&#8243;][tm_spacer size=&#8221;lg:67&#8243;][vc_row_inner][vc_column_inner width=&#8221;1\/3&#8243;][vc_column_text] Contact us In MN Comunicaci\u00f3n we have a clear goal: To be part of your success. To do this, we put at your disposal our experience, our knowledge, and our know-how to guarantee the best results. If you would like to contact us or receive more information please fill out the form on this page or, if you prefer by Phone +34 647 53 60 05 Email to info@mncomunicacion.com [\/vc_column_text][tm_spacer size=&#8221;lg:23&#8243;][\/vc_column_inner][vc_column_inner width=&#8221;2\/3&#8243; lg_spacing=&#8221;margin_left:34&#8243; md_spacing=&#8221;margin_left:34&#8243; sm_spacing=&#8221;margin_left:34&#8243;][tm_contact_form_7 id=&#8221;6&#8243; style=&#8221;03&#8243;][\/vc_column_inner][\/vc_row_inner][tm_spacer size=&#8221;lg:67&#8243;][\/vc_column][vc_column width=&#8221;1\/12&#8243;][\/vc_column][\/vc_row][vc_row full_width=&#8221;stretch_row_content_no_spaces&#8221; disable_element=&#8221;yes&#8221;][vc_column width=&#8221;1\/3&#8243; overlay_background=&#8221;custom&#8221; overlay_opacity=&#8221;23&#8243; background_image=&#8221;56&#8243;][tm_spacer size=&#8221;lg:99&#8243;][vc_column_text] COMMUNICATION AGENCY [\/vc_column_text][tm_spacer size=&#8221;lg:12&#8243;][tm_button button=&#8221;url:%2Fagencia-de-comunicacion|title:DESCUBRIR||&#8221; align=&#8221;center&#8221;][tm_spacer size=&#8221;lg:99&#8243;][\/vc_column][vc_column width=&#8221;1\/3&#8243; overlay_background=&#8221;custom&#8221; overlay_opacity=&#8221;23&#8243; background_image=&#8221;58&#8243;][tm_spacer size=&#8221;lg:99&#8243;][vc_column_text el_class=&#8221;white&#8221;] EVENT PLANNING [\/vc_column_text][tm_spacer size=&#8221;lg:12&#8243;][tm_button button=&#8221;url:%2Forganizacion-de-eventos|title:DESCUBRIR||&#8221; align=&#8221;center&#8221;][tm_spacer size=&#8221;lg:99&#8243;][\/vc_column][vc_column width=&#8221;1\/3&#8243; overlay_background=&#8221;custom&#8221; overlay_opacity=&#8221;23&#8243; background_image=&#8221;54&#8243;][tm_spacer size=&#8221;lg:99&#8243;][vc_column_text] PUBLIC RELATIONS [\/vc_column_text][tm_spacer size=&#8221;lg:12&#8243;][tm_button button=&#8221;url:%2Frelaciones-publicas|title:DESCUBRIR||&#8221; align=&#8221;center&#8221;][tm_spacer size=&#8221;lg:99&#8243;][\/vc_column][\/vc_row][vc_row full_width=&#8221;stretch_row_content_no_spaces&#8221; background_color=&#8221;primary&#8221;][vc_column][\/vc_column][\/vc_row]","og_url":"https:\/\/www.mncomunicacion.com\/en\/contacto","og_site_name":"MN Comunicaci\u00f3n","article_publisher":"https:\/\/www.facebook.com\/marienoelle.escomunicacion\/","article_modified_time":"2024-08-01T11:51:03+00:00","og_image":[{"width":1024,"height":660,"url":"https:\/\/www.mncomunicacion.com\/wp-content\/uploads\/2019\/07\/MNComunicacion-Imagen-Destacada-1024x660.png","type":"image\/png"}],"twitter_card":"summary_large_image","twitter_site":"@MNcomunicacion","twitter_misc":{"Est. reading time":"2 minutes"},"schema":{"@context":"https:\/\/schema.org","@graph":[{"@type":"WebPage","@id":"https:\/\/www.mncomunicacion.com\/en\/contacto","url":"https:\/\/www.mncomunicacion.com\/en\/contacto","name":"CONTACT | MN Comunicaci\u00f3n","isPartOf":{"@id":"https:\/\/www.mncomunicacion.com\/#website"},"primaryImageOfPage":{"@id":"https:\/\/www.mncomunicacion.com\/en\/contacto#primaryimage"},"image":{"@id":"https:\/\/www.mncomunicacion.com\/en\/contacto#primaryimage"},"thumbnailUrl":"https:\/\/www.mncomunicacion.com\/wp-content\/uploads\/2019\/07\/MNComunicacion-Imagen-Destacada.png","datePublished":"2019-04-24T14:27:04+00:00","dateModified":"2024-08-01T11:51:03+00:00","breadcrumb":{"@id":"https:\/\/www.mncomunicacion.com\/en\/contacto#breadcrumb"},"inLanguage":"en-US","potentialAction":[{"@type":"ReadAction","target":["https:\/\/www.mncomunicacion.com\/en\/contacto"]}]},{"@type":"ImageObject","inLanguage":"en-US","@id":"https:\/\/www.mncomunicacion.com\/en\/contacto#primaryimage","url":"https:\/\/www.mncomunicacion.com\/wp-content\/uploads\/2019\/07\/MNComunicacion-Imagen-Destacada.png","contentUrl":"https:\/\/www.mncomunicacion.com\/wp-content\/uploads\/2019\/07\/MNComunicacion-Imagen-Destacada.png","width":2434,"height":1568},{"@type":"BreadcrumbList","@id":"https:\/\/www.mncomunicacion.com\/en\/contacto#breadcrumb","itemListElement":[{"@type":"ListItem","position":1,"name":"Portada","item":"https:\/\/www.mncomunicacion.com\/en"},{"@type":"ListItem","position":2,"name":"CONTACT"}]},{"@type":"WebSite","@id":"https:\/\/www.mncomunicacion.com\/#website","url":"https:\/\/www.mncomunicacion.com\/","name":"MN Comunicaci\u00f3n","description":"Agencia de Comunicaci\u00f3n y Organizaci\u00f3n de Eventos en Marbella","publisher":{"@id":"https:\/\/www.mncomunicacion.com\/#organization"},"potentialAction":[{"@type":"SearchAction","target":{"@type":"EntryPoint","urlTemplate":"https:\/\/www.mncomunicacion.com\/?s={search_term_string}"},"query-input":"required name=search_term_string"}],"inLanguage":"en-US"},{"@type":"Organization","@id":"https:\/\/www.mncomunicacion.com\/#organization","name":"MN COMUNICACI\u00d3N","url":"https:\/\/www.mncomunicacion.com\/","logo":{"@type":"ImageObject","inLanguage":"en-US","@id":"https:\/\/www.mncomunicacion.com\/#\/schema\/logo\/image\/","url":"https:\/\/www.mncomunicacion.com\/wp-content\/uploads\/2019\/05\/logo.png","contentUrl":"https:\/\/www.mncomunicacion.com\/wp-content\/uploads\/2019\/05\/logo.png","width":150,"height":150,"caption":"MN COMUNICACI\u00d3N"},"image":{"@id":"https:\/\/www.mncomunicacion.com\/#\/schema\/logo\/image\/"},"sameAs":["https:\/\/www.facebook.com\/marienoelle.escomunicacion\/","https:\/\/x.com\/MNcomunicacion","https:\/\/www.linkedin.com\/company\/marie-no-lle-es-comunicaci-n\/","https:\/\/www.youtube.com\/channel\/UCnHVdXKiLf30LsIfV8k0xIQ"]}]}},"_links":{"self":[{"href":"https:\/\/www.mncomunicacion.com\/en\/wp-json\/wp\/v2\/pages\/5144"}],"collection":[{"href":"https:\/\/www.mncomunicacion.com\/en\/wp-json\/wp\/v2\/pages"}],"about":[{"href":"https:\/\/www.mncomunicacion.com\/en\/wp-json\/wp\/v2\/types\/page"}],"author":[{"embeddable":true,"href":"https:\/\/www.mncomunicacion.com\/en\/wp-json\/wp\/v2\/users\/1"}],"replies":[{"embeddable":true,"href":"https:\/\/www.mncomunicacion.com\/en\/wp-json\/wp\/v2\/comments?post=5144"}],"version-history":[{"count":11,"href":"https:\/\/www.mncomunicacion.com\/en\/wp-json\/wp\/v2\/pages\/5144\/revisions"}],"predecessor-version":[{"id":9666,"href":"https:\/\/www.mncomunicacion.com\/en\/wp-json\/wp\/v2\/pages\/5144\/revisions\/9666"}],"wp:featuredmedia":[{"embeddable":true,"href":"https:\/\/www.mncomunicacion.com\/en\/wp-json\/wp\/v2\/media\/6125"}],"wp:attachment":[{"href":"https:\/\/www.mncomunicacion.com\/en\/wp-json\/wp\/v2\/media?parent=5144"}],"curies":[{"name":"wp","href":"https:\/\/api.w.org\/{rel}","templated":true}]}}